{"id":4494,"date":"2025-04-27T10:47:44","date_gmt":"2025-04-27T02:47:44","guid":{"rendered":"https:\/\/www.yehon.com.cn\/?page_id=4494"},"modified":"2025-04-27T13:03:00","modified_gmt":"2025-04-27T05:03:00","slug":"about-us","status":"publish","type":"page","link":"https:\/\/www.yehon.com.cn\/index.php\/es\/about-us\/","title":{"rendered":"Acerca de nosotros"},"content":{"rendered":"<p>[vc_row][vc_column]<div class=\"cz_gap clr  hide_on_tablet hide_on_mobile\" style=\"height: 50px\"><\/div><div class=\"cz_gap show_on_tablet clr  show_only_tablet\" style=\"height: 30px\"><\/div><div class=\"cz_gap show_on_mobile clr\" style=\"height: 0px\"><\/div>[\/vc_column][\/vc_row][vc_row full_width=&#8221;stretch_row&#8221;][vc_column width=&#8221;1\/2&#8243; el_id=&#8221;a&#8221;]<div id=\"cz_15454\" class=\"cz_15454 cz_title clr cz_mobile_text_center cz_title_pos_inline\"><div class=\"cz_title_content\"><div class=\"cz_wpe_content\"><p>Perfil de empresa<\/p>\n<\/div><\/div><\/div><div class=\"cz_gap clr  hide_on_tablet hide_on_mobile\" style=\"height: 50px\"><\/div><div class=\"cz_gap show_on_tablet clr  show_only_tablet\" style=\"height: 30px\"><\/div><div class=\"cz_gap show_on_mobile clr\" style=\"height: 10px\"><\/div><div id=\"cz_77457\" class=\"cz_77457 cz_title clr cz_mobile_text_center cz_title_pos_inline\"><div class=\"cz_title_content\"><div class=\"cz_wpe_content\"><p>Taizhou yihao steering machine co., LTD., fundada en 1991, es un fabricante profesional que se centra en la direcci\u00f3n automotriz. Nuestra sede se encuentra en el parque industrial de tecnolog\u00eda kammen, condado de yuhuan, taizhou, zhejiang, cubre un \u00e1rea de m\u00e1s de 10.000 metros cuadrados y un \u00e1rea de construcci\u00f3n de m\u00e1s de 58.000 metros cuadrados. Hay m\u00e1s de 300 empleados, incluyendo 5 ingenieros superiores, 35 gerentes y 36 t\u00e9cnicos profesionales. Tenemos un sistema completo de investigaci\u00f3n y desarrollo de productos, fabricaci\u00f3n y prueba, con l\u00edneas de producci\u00f3n avanzadas y est\u00e1ndares estrictos de control de calidad.<\/p>\n<\/div><\/div><\/div><div id=\"cz_99504\" class=\"cz_99504 cz_title clr cz_mobile_text_center cz_title_pos_inline\"><div class=\"cz_title_content\"><div class=\"cz_wpe_content\"><p>Despu\u00e9s de m\u00e1s de 30 de desarrollo, la empresa se ha convertido en el desarrollo, producci\u00f3n, ventas, servicios integrales en autos, cubre los productos de engranajes ChiTiao hacia una m\u00e1quina mec\u00e1nica, hidr\u00e1ulica, m\u00e1quina de direcci\u00f3n asistida, maquinaria DianZiShi serie a, etc, ampliamente en pasajeros, forward y nuevos veh\u00edculos de energ\u00eda, y YuanXiao mundial de varios pa\u00edses y regiones.<\/p>\n<\/div><\/div><\/div><div id=\"cz_13733\" class=\"cz_13733 cz_title clr cz_mobile_text_center cz_title_pos_inline\"><div class=\"cz_title_content\"><div class=\"cz_wpe_content\"><p>Con el r\u00e1pido desarrollo de la industria automotriz global hacia la electrificaci\u00f3n e inteligencia, taizhou yihao steering machine co., LTD est\u00e1 dise\u00f1ando activamente el nuevo campo de energ\u00eda, centr\u00e1ndose en el desarrollo del sistema de direcci\u00f3n asistida el\u00e9ctrica (EPS) y la tecnolog\u00eda de direcci\u00f3n controlada por cable (SBW) para la conducci\u00f3n inteligente para satisfacer las necesidades del mercado de veh\u00edculos de nueva energ\u00eda.<\/p>\n<\/div><\/div><\/div>[\/vc_column][vc_column width=&#8221;1\/2&#8243; offset=&#8221;vc_hidden-sm vc_hidden-xs&#8221;]<div class=\"cz_gap clr  hide_on_tablet hide_on_mobile\" style=\"height: 100px\"><\/div><div class=\"cz_gap show_on_tablet clr  show_only_tablet\" style=\"height: 50px\"><\/div><div class=\"cz_gap show_on_mobile clr\" style=\"height: 20px\"><\/div><div class=\"clr cz_parallax_v_5\"><div id=\"cz_25351\" class=\"cz_25351 cz_image clr cz_image_no_fx center_on_mobile\"><div class=\"cz_svg_bg\" ><div class=\"cz_image_in\"><div class=\"cz_main_image\"><img decoding=\"async\" width=\"1024\" height=\"683\" src=\"data:image\/svg+xml,%3Csvg%20xmlns%3D&#39;http%3A%2F%2Fwww.w3.org%2F2000%2Fsvg&#39;%20width=&#39;1024&#39;%20height=&#39;683&#39;%20viewBox%3D&#39;0%200%201024%20683&#39;%2F%3E\" data-czlz data-src=\"https:\/\/www.yehon.com.cn\/wp-content\/uploads\/2025\/03\/cf.jpg\" class=\"attachment-full\" alt=\"\" title=\"cf\" data-srcset=\"https:\/\/www.yehon.com.cn\/wp-content\/uploads\/2025\/03\/cf.jpg 1024w, https:\/\/www.yehon.com.cn\/wp-content\/uploads\/2025\/03\/cf-300x200.jpg 300w, https:\/\/www.yehon.com.cn\/wp-content\/uploads\/2025\/03\/cf-768x512.jpg 768w, https:\/\/www.yehon.com.cn\/wp-content\/uploads\/2025\/03\/cf-600x400.jpg 600w\" data-sizes=\"(max-width: 1024px) 100vw, 1024px\" \/><\/div><\/div><\/div><\/div><\/div>[\/vc_column][\/vc_row][vc_row][vc_column]<div id=\"cz_68213\" class=\"cz_68213 cz_title clr cz_mobile_text_center cz_title_pos_inline\"><div class=\"cz_title_content\"><div class=\"cz_wpe_content\"><p>Nuestra empresa siempre se adhiere a la filosof\u00eda de negocio de &#8220;tomar la t\u00e9cnica como la fe, la excelencia como la santidad, la fe como la ra\u00edz y la gente orientada&#8221;. Estamos comprometidos a proporcionar a los clientes productos y servicios de alta calidad y crear una marca internacional de piezas de autom\u00f3viles.<\/p>\n<\/div><\/div><\/div><div id=\"cz_28695\" class=\"cz_28695 cz_title clr cz_mobile_text_center cz_title_pos_inline\"><div class=\"cz_title_content\"><div class=\"cz_wpe_content\"><p>Taizhou yihao steering machine co., LTD continuar\u00e1 defendiendo el esp\u00edritu empresarial de &#8220;avanzar juntos y revitalizar yihao&#8221;, mientras mantiene su ventaja en el campo tradicional de sistemas de direcci\u00f3n, acelerando la nueva energ\u00eda y la transformaci\u00f3n inteligente, y se compromete a convertirse en el proveedor principal de soluciones globales de sistemas de direcci\u00f3n automotriz.<\/p>\n<p>\u00a1No importa c\u00f3mo cambie la industria, la b\u00fasqueda de la excelencia t\u00e9cnica de yhao nunca se detiene!<\/p>\n<\/div><\/div><\/div><div class=\"cz_gap clr  hide_on_tablet hide_on_mobile\" style=\"height: 100px\"><\/div><div class=\"cz_gap show_on_tablet clr  show_only_tablet\" style=\"height: 50px\"><\/div><div class=\"cz_gap show_on_mobile clr\" style=\"height: 20px\"><\/div>[\/vc_column][\/vc_row][vc_row full_width=&#8221;stretch_row&#8221; css=&#8221;.vc_custom_1743253453853{background-image: url(https:\/\/www.yehon.com.cn\/wp-content\/uploads\/2025\/03\/culturebk.jpg?id=1887) !important;background-position: center !important;background-repeat: no-repeat !important;background-size: cover !important;}&#8221; el_id=&#8221;b&#8221;][vc_column]<div class=\"cz_gap clr  hide_on_tablet hide_on_mobile\" style=\"height: 120px\"><\/div><div class=\"cz_gap show_on_tablet clr  show_only_tablet\" style=\"height: 60px\"><\/div><div class=\"cz_gap show_on_mobile clr\" style=\"height: 20px\"><\/div><div id=\"cz_60986\" class=\"cz_60986 cz_title clr cz_mobile_text_center cz_title_pos_inline tac\"><div class=\"cz_title_content\"><div class=\"cz_wpe_content\"><p style=\"text-align: center;\">Cultura de empresa<\/p>\n<\/div><\/div><\/div><div class=\"cz_gap clr  hide_on_mobile\" style=\"height: 80px\"><\/div><div class=\"cz_gap show_on_mobile clr\" style=\"height: 40px\"><\/div>[vc_row_inner][vc_column_inner width=&#8221;1\/3&#8243;]<div id=\"cz_37647\" class=\"cz_37647 services clr style1 services_b\"><div class=\"service_custom\"><i class=\"fa czico-041-physics\"><\/i><\/div><div class=\"service_text\"><h3>Esp\u00edritu de empresa<\/h3><div class=\"cz_wpe_content\"><div style=\"line-height: 1.5; color: #ccc; font-weight: 300; text-align: center;\">Amor de deletrear, unidad y ganar<\/div>\n<\/div><\/div><\/div>[\/vc_column_inner][vc_column_inner width=&#8221;1\/3&#8243;]<div id=\"cz_69256\" class=\"cz_69256 services clr style1 services_b\"><div class=\"service_custom\"><i class=\"fas fa-hands-helping\"><\/i><\/div><div class=\"service_text\"><h3>Nuestra visi\u00f3n de<\/h3><div class=\"cz_wpe_content\"><div style=\"line-height: 1.5; color: #ccc; font-weight: 300; text-align: center;\">Desarrollar activamente a los empleados para garantizar la satisfacci\u00f3n del cliente<\/div>\n<\/div><\/div><\/div>[\/vc_column_inner][vc_column_inner width=&#8221;1\/3&#8243;]<div id=\"cz_48380\" class=\"cz_48380 services clr style1 services_b\"><div class=\"service_custom\"><i class=\"far fa-lightbulb\"><\/i><\/div><div class=\"service_text\"><h3>Valores<\/h3><div class=\"cz_wpe_content\"><div style=\"line-height: 1.5; color: #ccc; font-weight: 300; text-align: center;\">Centrado en el usuario, ganar-ganar con los colaboradores y compartir con los luchadores<\/div>\n<\/div><\/div><\/div>[\/vc_column_inner][\/vc_row_inner]<div class=\"cz_gap clr  hide_on_tablet hide_on_mobile\" style=\"height: 220px\"><\/div><div class=\"cz_gap show_on_tablet clr  show_only_tablet\" style=\"height: 130px\"><\/div><div class=\"cz_gap show_on_mobile clr\" style=\"height: 130px\"><\/div>[\/vc_column][\/vc_row][vc_row el_id=&#8221;c&#8221;][vc_column][\/vc_column][\/vc_row][vc_row][vc_column]<div class=\"cz_eqh cz_content_box_parent_fx  \"><div id=\"cz_74709\" class=\"cz_74709 cz_content_box clr\"><div class=\"cz_box_front clr\"><div class=\"cz_box_front_inner clr \"><span><\/span><div><div id=\"cz_21562\" class=\"cz_21562 cz_title clr cz_mobile_text_center cz_title_pos_inline tac\"><div class=\"cz_title_content\"><div class=\"cz_wpe_content\"><p style=\"text-align: center;\">Honor y calificaci\u00f3n<\/p>\n<\/div><\/div><\/div><div class=\"cz_gap clr  hide_on_tablet hide_on_mobile\" style=\"height: 50px\"><\/div><div class=\"cz_gap show_on_tablet clr  show_only_tablet\" style=\"height: 30px\"><\/div><div class=\"cz_gap show_on_mobile clr\" style=\"height: 10px\"><\/div><\/div><\/div><\/div><\/div><\/div>[\/vc_column][\/vc_row][vc_row][vc_column]<div id=\"cz1856\" class=\"cz1856 slick arrows_mlr no_dots\" data-slick='{\"selector\":\"\",\"slidesToShow\":5,\"slidesToScroll\":1,\"rows\":1,\"fade\":false,\"vertical\":false,\"verticalSwiping\":false,\"infinite\":false,\"speed\":1000,\"swipeToSlide\":true,\"centerMode\":false,\"centerPadding\":\"\",\"variableWidth\":false,\"autoplay\":false,\"autoplaySpeed\":4000,\"dots\":true,\"counts\":false,\"adaptiveHeight\":false,\"responsive\":[{\"breakpoint\":769,\"settings\":{\"slidesToShow\":2,\"slidesToScroll\":1,\"touchMove\":true}},{\"breakpoint\":481,\"settings\":{\"slidesToShow\":1,\"slidesToScroll\":1,\"touchMove\":true}}]}' data-slick-prev=\"fa fa-chevron-left\" data-slick-next=\"fa fa-chevron-right\"><div id=\"cz_25987\" class=\"cz_grid_p cz_25987\"><div class=\"cz_grid cz_grid_1 clr cz_grid_carousel cz_grid_1_no_title cz_grid_1_mid tac\" data-gap=\"60\"><div class=\"cz_grid_item cz_grid_first\"><\/div><div class=\"cz_grid_item \"><div><a class=\"cz_grid_link \" href=\"https:\/\/www.yehon.com.cn\/wp-content\/uploads\/2025\/03\/z1.jpg\" data-xtra-lightbox><img decoding=\"async\" width=\"800\" height=\"1137\" src=\"data:image\/svg+xml,%3Csvg%20xmlns%3D&#39;http%3A%2F%2Fwww.w3.org%2F2000%2Fsvg&#39;%20width=&#39;800&#39;%20height=&#39;1137&#39;%20viewBox%3D&#39;0%200%20800%201137&#39;%2F%3E\" data-czlz data-src=\"https:\/\/www.yehon.com.cn\/wp-content\/uploads\/2025\/03\/z1.jpg\" class=\"attachment-full\" alt=\"\" title=\"z1\" data-srcset=\"https:\/\/www.yehon.com.cn\/wp-content\/uploads\/2025\/03\/z1.jpg 800w, https:\/\/www.yehon.com.cn\/wp-content\/uploads\/2025\/03\/z1-211x300.jpg 211w, https:\/\/www.yehon.com.cn\/wp-content\/uploads\/2025\/03\/z1-720x1024.jpg 720w, https:\/\/www.yehon.com.cn\/wp-content\/uploads\/2025\/03\/z1-768x1092.jpg 768w, https:\/\/www.yehon.com.cn\/wp-content\/uploads\/2025\/03\/z1-600x853.jpg 600w\" data-sizes=\"(max-width: 800px) 100vw, 800px\" \/><div class=\"cz_grid_details\"><i class=\"fa fa-search cz_grid_icon\"><\/i><\/div><\/a><\/div><\/div><div class=\"cz_grid_item \"><div><a class=\"cz_grid_link \" href=\"https:\/\/www.yehon.com.cn\/wp-content\/uploads\/2025\/03\/z2.jpg\" data-xtra-lightbox><img decoding=\"async\" width=\"800\" height=\"1137\" src=\"data:image\/svg+xml,%3Csvg%20xmlns%3D&#39;http%3A%2F%2Fwww.w3.org%2F2000%2Fsvg&#39;%20width=&#39;800&#39;%20height=&#39;1137&#39;%20viewBox%3D&#39;0%200%20800%201137&#39;%2F%3E\" data-czlz data-src=\"https:\/\/www.yehon.com.cn\/wp-content\/uploads\/2025\/03\/z2.jpg\" class=\"attachment-full\" alt=\"\" title=\"z2\" data-srcset=\"https:\/\/www.yehon.com.cn\/wp-content\/uploads\/2025\/03\/z2.jpg 800w, https:\/\/www.yehon.com.cn\/wp-content\/uploads\/2025\/03\/z2-211x300.jpg 211w, https:\/\/www.yehon.com.cn\/wp-content\/uploads\/2025\/03\/z2-720x1024.jpg 720w, https:\/\/www.yehon.com.cn\/wp-content\/uploads\/2025\/03\/z2-768x1092.jpg 768w, https:\/\/www.yehon.com.cn\/wp-content\/uploads\/2025\/03\/z2-600x853.jpg 600w\" data-sizes=\"(max-width: 800px) 100vw, 800px\" \/><div class=\"cz_grid_details\"><i class=\"fa fa-search cz_grid_icon\"><\/i><\/div><\/a><\/div><\/div><div class=\"cz_grid_item \"><div><a class=\"cz_grid_link \" href=\"https:\/\/www.yehon.com.cn\/wp-content\/uploads\/2025\/03\/z3.jpg\" data-xtra-lightbox><img decoding=\"async\" width=\"800\" height=\"1137\" src=\"data:image\/svg+xml,%3Csvg%20xmlns%3D&#39;http%3A%2F%2Fwww.w3.org%2F2000%2Fsvg&#39;%20width=&#39;800&#39;%20height=&#39;1137&#39;%20viewBox%3D&#39;0%200%20800%201137&#39;%2F%3E\" data-czlz data-src=\"https:\/\/www.yehon.com.cn\/wp-content\/uploads\/2025\/03\/z3.jpg\" class=\"attachment-full\" alt=\"\" title=\"z3\" data-srcset=\"https:\/\/www.yehon.com.cn\/wp-content\/uploads\/2025\/03\/z3.jpg 800w, https:\/\/www.yehon.com.cn\/wp-content\/uploads\/2025\/03\/z3-211x300.jpg 211w, https:\/\/www.yehon.com.cn\/wp-content\/uploads\/2025\/03\/z3-720x1024.jpg 720w, https:\/\/www.yehon.com.cn\/wp-content\/uploads\/2025\/03\/z3-768x1092.jpg 768w, https:\/\/www.yehon.com.cn\/wp-content\/uploads\/2025\/03\/z3-600x853.jpg 600w\" data-sizes=\"(max-width: 800px) 100vw, 800px\" \/><div class=\"cz_grid_details\"><i class=\"fa fa-search cz_grid_icon\"><\/i><\/div><\/a><\/div><\/div><div class=\"cz_grid_item \"><div><a class=\"cz_grid_link \" href=\"https:\/\/www.yehon.com.cn\/wp-content\/uploads\/2025\/03\/z4.jpg\" data-xtra-lightbox><img decoding=\"async\" width=\"800\" height=\"1137\" src=\"data:image\/svg+xml,%3Csvg%20xmlns%3D&#39;http%3A%2F%2Fwww.w3.org%2F2000%2Fsvg&#39;%20width=&#39;800&#39;%20height=&#39;1137&#39;%20viewBox%3D&#39;0%200%20800%201137&#39;%2F%3E\" data-czlz data-src=\"https:\/\/www.yehon.com.cn\/wp-content\/uploads\/2025\/03\/z4.jpg\" class=\"attachment-full\" alt=\"\" title=\"z4\" data-srcset=\"https:\/\/www.yehon.com.cn\/wp-content\/uploads\/2025\/03\/z4.jpg 800w, https:\/\/www.yehon.com.cn\/wp-content\/uploads\/2025\/03\/z4-211x300.jpg 211w, https:\/\/www.yehon.com.cn\/wp-content\/uploads\/2025\/03\/z4-720x1024.jpg 720w, https:\/\/www.yehon.com.cn\/wp-content\/uploads\/2025\/03\/z4-768x1092.jpg 768w, https:\/\/www.yehon.com.cn\/wp-content\/uploads\/2025\/03\/z4-600x853.jpg 600w\" data-sizes=\"(max-width: 800px) 100vw, 800px\" \/><div class=\"cz_grid_details\"><i class=\"fa fa-search cz_grid_icon\"><\/i><\/div><\/a><\/div><\/div><div class=\"cz_grid_item \"><div><a class=\"cz_grid_link \" href=\"https:\/\/www.yehon.com.cn\/wp-content\/uploads\/2025\/03\/z5.jpg\" data-xtra-lightbox><img decoding=\"async\" width=\"800\" height=\"1137\" src=\"data:image\/svg+xml,%3Csvg%20xmlns%3D&#39;http%3A%2F%2Fwww.w3.org%2F2000%2Fsvg&#39;%20width=&#39;800&#39;%20height=&#39;1137&#39;%20viewBox%3D&#39;0%200%20800%201137&#39;%2F%3E\" data-czlz data-src=\"https:\/\/www.yehon.com.cn\/wp-content\/uploads\/2025\/03\/z5.jpg\" class=\"attachment-full\" alt=\"\" title=\"z5\" data-srcset=\"https:\/\/www.yehon.com.cn\/wp-content\/uploads\/2025\/03\/z5.jpg 800w, https:\/\/www.yehon.com.cn\/wp-content\/uploads\/2025\/03\/z5-211x300.jpg 211w, https:\/\/www.yehon.com.cn\/wp-content\/uploads\/2025\/03\/z5-720x1024.jpg 720w, https:\/\/www.yehon.com.cn\/wp-content\/uploads\/2025\/03\/z5-768x1092.jpg 768w, https:\/\/www.yehon.com.cn\/wp-content\/uploads\/2025\/03\/z5-600x853.jpg 600w\" data-sizes=\"(max-width: 800px) 100vw, 800px\" \/><div class=\"cz_grid_details\"><i class=\"fa fa-search cz_grid_icon\"><\/i><\/div><\/a><\/div><\/div><\/div><\/div><\/div><div data-cz-style='#cz1856 .slick-list{margin: 0 -30px;clip-path:inset(0 30px 0 30px)}#cz1856 .slick-slide{margin: 0 30px}'><\/div>[\/vc_column][\/vc_row][vc_row][vc_column el_id=&#8221;d&#8221;]<div class=\"cz_gap clr  hide_on_mobile\" style=\"height: 270px\"><\/div><div class=\"cz_gap show_on_mobile clr\" style=\"height: 200px\"><\/div>[\/vc_column][\/vc_row][vc_row full_width=&#8221;stretch_row&#8221; css=&#8221;.vc_custom_1743253579644{background-color: #f7f7f7 !important;}&#8221;][vc_column width=&#8221;1\/2&#8243;]<div id=\"cz_51231\" class=\"cz_51231 slick arrows_bl no_dots\" data-slick='{\"selector\":\"\",\"slidesToShow\":1,\"slidesToScroll\":1,\"rows\":1,\"fade\":false,\"vertical\":false,\"verticalSwiping\":false,\"infinite\":false,\"speed\":1000,\"swipeToSlide\":true,\"centerMode\":false,\"centerPadding\":\"\",\"variableWidth\":false,\"autoplay\":false,\"autoplaySpeed\":4000,\"dots\":true,\"counts\":false,\"adaptiveHeight\":false,\"responsive\":[{\"breakpoint\":769,\"settings\":{\"slidesToShow\":1,\"slidesToScroll\":1,\"touchMove\":true}},{\"breakpoint\":481,\"settings\":{\"slidesToShow\":1,\"slidesToScroll\":1,\"touchMove\":true}}]}' data-slick-prev=\"fa czico-long-left-arrow\" data-slick-next=\"fa czico-long-right-arrow\"><div id=\"cz_38938\" class=\"cz_38938 cz_image clr cz_image_no_fx center_on_mobile\"><div class=\"\" ><div class=\"cz_image_in\"><div class=\"cz_main_image\"><img decoding=\"async\" width=\"626\" height=\"417\" src=\"data:image\/svg+xml,%3Csvg%20xmlns%3D&#39;http%3A%2F%2Fwww.w3.org%2F2000%2Fsvg&#39;%20width=&#39;626&#39;%20height=&#39;417&#39;%20viewBox%3D&#39;0%200%20626%20417&#39;%2F%3E\" data-czlz data-src=\"https:\/\/www.yehon.com.cn\/wp-content\/uploads\/2025\/03\/f053451efb285e9aede74b01874ddc4d5e296f931cddc-vjgtD3_fw1200.jpg\" class=\"attachment-full\" alt=\"\" title=\"f053451efb285e9aede74b01874ddc4d5e296f931cddc-vjgtD3_fw1200\" data-srcset=\"https:\/\/www.yehon.com.cn\/wp-content\/uploads\/2025\/03\/f053451efb285e9aede74b01874ddc4d5e296f931cddc-vjgtD3_fw1200.jpg 626w, https:\/\/www.yehon.com.cn\/wp-content\/uploads\/2025\/03\/f053451efb285e9aede74b01874ddc4d5e296f931cddc-vjgtD3_fw1200-300x200.jpg 300w, https:\/\/www.yehon.com.cn\/wp-content\/uploads\/2025\/03\/f053451efb285e9aede74b01874ddc4d5e296f931cddc-vjgtD3_fw1200-600x400.jpg 600w\" data-sizes=\"(max-width: 626px) 100vw, 626px\" \/><\/div><\/div><\/div><\/div><div id=\"cz_25947\" class=\"cz_25947 cz_image clr cz_image_no_fx center_on_mobile\"><div class=\"\" ><div class=\"cz_image_in\"><div class=\"cz_main_image\"><img decoding=\"async\" width=\"500\" height=\"332\" src=\"data:image\/svg+xml,%3Csvg%20xmlns%3D&#39;http%3A%2F%2Fwww.w3.org%2F2000%2Fsvg&#39;%20width=&#39;500&#39;%20height=&#39;332&#39;%20viewBox%3D&#39;0%200%20500%20332&#39;%2F%3E\" data-czlz data-src=\"https:\/\/www.yehon.com.cn\/wp-content\/uploads\/2025\/03\/36c7c67de2fe8839f33445f086dcf5a565a05eb8fbe0-ZH5UWz_fw1200.jpg\" class=\"attachment-full\" alt=\"\" title=\"36c7c67de2fe8839f33445f086dcf5a565a05eb8fbe0-ZH5UWz_fw1200\" data-srcset=\"https:\/\/www.yehon.com.cn\/wp-content\/uploads\/2025\/03\/36c7c67de2fe8839f33445f086dcf5a565a05eb8fbe0-ZH5UWz_fw1200.jpg 500w, https:\/\/www.yehon.com.cn\/wp-content\/uploads\/2025\/03\/36c7c67de2fe8839f33445f086dcf5a565a05eb8fbe0-ZH5UWz_fw1200-300x199.jpg 300w\" data-sizes=\"(max-width: 500px) 100vw, 500px\" \/><\/div><\/div><\/div><\/div><\/div><div><\/div>[\/vc_column][vc_column width=&#8221;1\/2&#8243;]<div class=\"cz_eqh cz_content_box_parent_fx  \"><div id=\"cz_20102\" class=\"cz_20102 cz_content_box clr\"><div class=\"cz_box_front clr\"><div class=\"cz_box_front_inner clr \"><span><\/span><div><div class=\"cz_gap clr  hide_on_tablet hide_on_mobile\" style=\"height: 50px\"><\/div><div class=\"cz_gap show_on_tablet clr  show_only_tablet\" style=\"height: 30px\"><\/div><div class=\"cz_gap show_on_mobile clr\" style=\"height: 10px\"><\/div><div id=\"cz_21886\" class=\"cz_21886 cz_title clr cz_mobile_text_center cz_title_pos_inline\"><div class=\"cz_title_content\"><div class=\"cz_wpe_content\"><p>Planta y equipo<\/p>\n<\/div><\/div><\/div><div class=\"cz_gap clr  hide_on_tablet hide_on_mobile\" style=\"height: 50px\"><\/div><div class=\"cz_gap show_on_tablet clr  show_only_tablet\" style=\"height: 30px\"><\/div><div class=\"cz_gap show_on_mobile clr\" style=\"height: 10px\"><\/div><div id=\"cz_99210\" class=\"cz_99210 cz_title clr cz_mobile_text_center cz_title_pos_inline\"><div class=\"cz_title_content\"><div class=\"cz_wpe_content\"><p>La calidad refleja nuestra dignidad. La calidad excepcional rechaza la mediocridad.<\/p>\n<p>&nbsp;<\/p>\n<p>Meticuloso y refinado. El sistema de gesti\u00f3n estandarizado y el sistema sistem\u00e1tico de garant\u00eda de calidad permiten que la calidad yihao fluya sin obst\u00e1culos en todos los rincones del mundo.<\/p>\n<p>&nbsp;<\/p>\n<p>La compa\u00f1\u00eda pas\u00f3 la certificaci\u00f3n obligatoria nacional 3C.<\/p>\n<p>&nbsp;<\/p>\n<p>Gracias a sus fruct\u00edferos esfuerzos con sus colaboradores, yihao est\u00e1 impulsando a yihao a convertirse en la calidad m\u00e1s impecable del mundo.<\/p>\n<\/div><\/div><\/div><div class=\"cz_gap clr  hide_on_tablet hide_on_mobile\" style=\"height: 50px\"><\/div><div class=\"cz_gap show_on_tablet clr  show_only_tablet\" style=\"height: 30px\"><\/div><div class=\"cz_gap show_on_mobile clr\" style=\"height: 10px\"><\/div><\/div><\/div><\/div><\/div><\/div>[\/vc_column][\/vc_row]<\/p>\n","protected":false},"excerpt":{"rendered":"<p>[vc_row][vc_column][ &#8230; <\/p>\n","protected":false},"author":1,"featured_media":0,"parent":0,"menu_order":0,"comment_status":"closed","ping_status":"closed","template":"","meta":{"footnotes":""},"class_list":["post-4494","page","type-page","status-publish","hentry"],"lang":"es","translations":{"es":4494,"en":3650,"zh":8},"pll_sync_post":[],"_links":{"self":[{"href":"https:\/\/www.yehon.com.cn\/index.php\/wp-json\/wp\/v2\/pages\/4494","targetHints":{"allow":["GET"]}}],"collection":[{"href":"https:\/\/www.yehon.com.cn\/index.php\/wp-json\/wp\/v2\/pages"}],"about":[{"href":"https:\/\/www.yehon.com.cn\/index.php\/wp-json\/wp\/v2\/types\/page"}],"author":[{"embeddable":true,"href":"https:\/\/www.yehon.com.cn\/index.php\/wp-json\/wp\/v2\/users\/1"}],"replies":[{"embeddable":true,"href":"https:\/\/www.yehon.com.cn\/index.php\/wp-json\/wp\/v2\/comments?post=4494"}],"version-history":[{"count":9,"href":"https:\/\/www.yehon.com.cn\/index.php\/wp-json\/wp\/v2\/pages\/4494\/revisions"}],"predecessor-version":[{"id":4719,"href":"https:\/\/www.yehon.com.cn\/index.php\/wp-json\/wp\/v2\/pages\/4494\/revisions\/4719"}],"wp:attachment":[{"href":"https:\/\/www.yehon.com.cn\/index.php\/wp-json\/wp\/v2\/media?parent=4494"}],"curies":[{"name":"wp","href":"https:\/\/api.w.org\/{rel}","templated":true}]}}