{"id":4500,"date":"2025-04-27T10:51:57","date_gmt":"2025-04-27T02:51:57","guid":{"rendered":"https:\/\/www.yehon.com.cn\/?page_id=4500"},"modified":"2025-04-27T14:36:40","modified_gmt":"2025-04-27T06:36:40","slug":"faq","status":"publish","type":"page","link":"https:\/\/www.yehon.com.cn\/index.php\/es\/faq\/","title":{"rendered":"Zona de servicio"},"content":{"rendered":"<p>[vc_row css=&#8221;.vc_custom_1743314858286{background-position: center !important;background-repeat: no-repeat !important;background-size: cover !important;}&#8221; el_id=&#8221;a&#8221;][vc_column offset=&#8221;vc_col-lg-8&#8243; css=&#8221;.vc_custom_1516136899580{padding-right: 20px !important;}&#8221;]<div class=\"cz_gap clr  hide_on_mobile\" style=\"height: 80px\"><\/div><div class=\"cz_gap show_on_mobile clr\" style=\"height: 60px\"><\/div><div id=\"cz_98015\" class=\"cz_98015 cz_title clr cz_title_pos_inline\"><div class=\"cz_title_content\"><div class=\"cz_wpe_content\"><p>F.A.Q<\/p>\n<\/div><\/div><\/div><div class=\"cz_gap clr  hide_on_mobile\" style=\"height: 80px\"><\/div><div class=\"cz_gap show_on_mobile clr\" style=\"height: 60px\"><\/div><div id=\"cz_94260\" data-arrows='{\"open\":\"fa czico-200-down-arrow\",\"close\":\"fa czico-199-up-arrow\"}' class=\"cz_94260 cz_acc clr cz_acc_first_open\"><div><div id=\"cz_109529\"><span class=\"cz_acc_child\"><div>M\u00e1quina de direcci\u00f3n automotriz<\/div><\/span><div class=\"cz_acc_child_content clr\">[vc_column_text]La m\u00e1quina de direcci\u00f3n es una m\u00e1quina que ayuda al conductor a forzar mientras el conductor golpea el volante, para reducir la fuerza de uso del conductor al girar, para lograr el prop\u00f3sito de la facilidad y la conveniencia del conductor al conducir. Se divide principalmente en direcci\u00f3n de cremallera y cremallera y direcci\u00f3n de gusano. Hay aproximadamente tres tipos de dispositivos de direcci\u00f3n asistida en el mercado: direcci\u00f3n asistida el\u00e9ctrica con motor el\u00e9ctrico, direcci\u00f3n asistida hidr\u00e1ulica con pi\u00f1\u00f3n y cremallera, direcci\u00f3n asistida hidr\u00e1ulica el\u00e9ctrica.[\/vc_column_text]<\/div><\/div><div id=\"cz_38963\"><span class=\"cz_acc_child\"><div>Principio de funcionamiento de la m\u00e1quina de direcci\u00f3n automotriz<\/div><\/span><div class=\"cz_acc_child_content clr\">[vc_column_text]La direcci\u00f3n asistida por motor se inicia cuando el conductor mueve el volante al mismo tiempo que el motor el\u00e9ctrico debajo de \u00e9l<br \/>\nLa direcci\u00f3n asistida de cremallera y pi\u00f1\u00f3n es una bomba hidr\u00e1ulica al lado del motor. El motor impulsa el trabajo de la bomba<br \/>\nLa asistencia electrohidr\u00e1ulica es una combinaci\u00f3n de los dos primeros y la mejor asistencia de direcci\u00f3n disponible hoy en d\u00eda<br \/>\nLa estructura del impulsor de direcci\u00f3n es muy compleja, la persona promedio no puede repararla. Si el mantenimiento normal est\u00e1 en su lugar, no es tan f\u00e1cil romperse. Nota: uno debe comprobar siempre el aceite en la taza de aceite, no puede caer por debajo del l\u00edmite inferior de la escala de aceite. La bomba de presi\u00f3n puede ser desechada si el booster pierde aceite. 2 cambiar el aceite regularmente 3 no golpear la direcci\u00f3n. Cuatro trate de no jugar en la direcci\u00f3n en el lugar.<br \/>\nLa potencia viene del motor. La furgoneta no tiene otra manera de ayudar, solo una bomba de potencia hidr\u00e1ulica, generalmente montada en la carcasa del volante y accionada por el cig\u00fce\u00f1al. Tambi\u00e9n se montaban en la parte delantera del motor y eran accionados por una correa, pero este era generalmente modificado.<br \/>\nEl sistema de direcci\u00f3n asistida se compone de la adici\u00f3n de un conjunto de ayudas de energ\u00eda a la base del sistema de direcci\u00f3n mec\u00e1nica. La bomba de aceite de direcci\u00f3n 6 est\u00e1 montada en el motor y es accionado por un cig\u00fce\u00f1al a trav\u00e9s de una correa y la salida de aceite hidr\u00e1ulico hacia el exterior. El tanque de direcci\u00f3n 5 tiene conexiones de tuber\u00eda de entrada y salida, conectadas por tuber\u00edas a la bomba de direcci\u00f3n y a la v\u00e1lvula de control de direcci\u00f3n 2 por separado. V\u00e1lvula de control de direcci\u00f3n para cambiar el circuito de aceite. La v\u00e1lvula de control de direcci\u00f3n y la v\u00e1lvula de control de direcci\u00f3n est\u00e1n conectadas a la c\u00e1mara de trabajo izquierda y derecha.[\/vc_column_text]<\/div><\/div><div id=\"cz_100300\"><span class=\"cz_acc_child\"><div>Tipos de m\u00e1quinas de direcci\u00f3n automotriz<\/div><\/span><div class=\"cz_acc_child_content clr\">[vc_column_text]De acuerdo con los diferentes medios de transferencia de energ\u00eda, hay dos tipos de desviadores de energ\u00eda: tipo de presi\u00f3n de aire e tipo hidr\u00e1ulico. La carga de camiones con una masa muy grande no es adecuada para la direcci\u00f3n de potencia neum\u00e1tica, porque la presi\u00f3n de trabajo del sistema de presi\u00f3n de aire es baja (generalmente no superior a 0.7mpa), cuando se utiliza en autom\u00f3viles pesados, el tama\u00f1o de sus componentes ser\u00e1 demasiado grande. La presi\u00f3n de trabajo del desviador de potencia hidr\u00e1ulica puede ser tan alta como 10MPa o m\u00e1s, por lo que el tama\u00f1o de sus partes es muy peque\u00f1o. El sistema hidr\u00e1ulico no tiene ruido cuando est\u00e1 funcionando y el tiempo de retraso de trabajo es corto. Adem\u00e1s, puede absorber el impacto de la carretera desigual. Por lo tanto, los desviadores de potencia hidr\u00e1ulica han sido ampliamente utilizados en todos los tipos de autom\u00f3viles en todos los niveles.<br \/>\nSeg\u00fan de ZhuanXiangQi, a la urna y roductos en tres diferentes dispositivos floral y la relaci\u00f3n, dispositivos de direcci\u00f3n asistida hidr\u00e1ulico en manguardias (de ZhuanXiangQi, a la urna y tres han dise\u00f1ado una detonaci\u00f3n), (modulares de la ZhuanXiangQi y dise\u00f1o a roductos juntos, Cilindro de potencia de direcci\u00f3n independiente) y separado (el desviador mec\u00e1nico es independiente, la v\u00e1lvula de control de direcci\u00f3n y el cilindro de potencia de direcci\u00f3n est\u00e1n dise\u00f1ados como un todo) tres tipos de estructura.<br \/>\nAqu\u00ed s\u00f3lo se presentan los desviadores hidr\u00e1ulicos de potencia integral.[\/vc_column_text]<\/div><\/div><\/div><\/div>[\/vc_column][vc_column offset=&#8221;vc_col-lg-4&#8243; css=&#8221;.vc_custom_1531391399212{padding-right: 20px !important;padding-left: 20px !important;}&#8221;]<div class=\"cz_gap clr  hide_on_mobile\" style=\"height: 0px\"><\/div><div class=\"cz_gap show_on_mobile clr\" style=\"height: 50px\"><\/div><div class=\"cz_gap clr  hide_on_mobile\" style=\"height: 80px\"><\/div><div class=\"cz_gap show_on_mobile clr\" style=\"height: 60px\"><\/div><div class=\"clr cz_parallax_v_5\"><div id=\"cz_49902\" class=\"cz_49902 cz_image clr cz_image_no_fx center_on_mobile\"><div class=\"cz_svg_bg\" ><div class=\"cz_image_in\"><div class=\"cz_main_image\"><img decoding=\"async\" width=\"1200\" height=\"900\" src=\"data:image\/svg+xml,%3Csvg%20xmlns%3D&#39;http%3A%2F%2Fwww.w3.org%2F2000%2Fsvg&#39;%20width=&#39;1200&#39;%20height=&#39;900&#39;%20viewBox%3D&#39;0%200%201200%20900&#39;%2F%3E\" data-czlz data-src=\"https:\/\/www.yehon.com.cn\/wp-content\/uploads\/2025\/03\/dbc5d0948da15e4e8450d5e0297dbcdef51db1f75fb81a-OqZ07U_fw1200.jpg\" class=\"attachment-full\" alt=\"\" title=\"dbc5d0948da15e4e8450d5e0297dbcdef51db1f75fb81a-OqZ07U_fw1200\" data-srcset=\"https:\/\/www.yehon.com.cn\/wp-content\/uploads\/2025\/03\/dbc5d0948da15e4e8450d5e0297dbcdef51db1f75fb81a-OqZ07U_fw1200.jpg 1200w, https:\/\/www.yehon.com.cn\/wp-content\/uploads\/2025\/03\/dbc5d0948da15e4e8450d5e0297dbcdef51db1f75fb81a-OqZ07U_fw1200-300x225.jpg 300w, https:\/\/www.yehon.com.cn\/wp-content\/uploads\/2025\/03\/dbc5d0948da15e4e8450d5e0297dbcdef51db1f75fb81a-OqZ07U_fw1200-1024x768.jpg 1024w, https:\/\/www.yehon.com.cn\/wp-content\/uploads\/2025\/03\/dbc5d0948da15e4e8450d5e0297dbcdef51db1f75fb81a-OqZ07U_fw1200-768x576.jpg 768w, https:\/\/www.yehon.com.cn\/wp-content\/uploads\/2025\/03\/dbc5d0948da15e4e8450d5e0297dbcdef51db1f75fb81a-OqZ07U_fw1200-600x450.jpg 600w\" data-sizes=\"(max-width: 1200px) 100vw, 1200px\" \/><\/div><\/div><\/div><\/div><\/div>[\/vc_column][\/vc_row][vc_row css=&#8221;.vc_custom_1743314864550{background-position: center !important;background-repeat: no-repeat !important;background-size: cover !important;}&#8221; el_id=&#8221;b&#8221;][vc_column offset=&#8221;vc_col-lg-8&#8243; css=&#8221;.vc_custom_1516136899580{padding-right: 20px !important;}&#8221;]<div class=\"cz_gap clr  hide_on_tablet hide_on_mobile\" style=\"height: 80px\"><\/div><div class=\"cz_gap show_on_tablet clr  show_only_tablet\" style=\"height: 60px\"><\/div><div class=\"cz_gap show_on_mobile clr\" style=\"height: 50px\"><\/div><div id=\"cz_96950\" class=\"cz_96950 cz_title clr cz_title_pos_inline\"><div class=\"cz_title_content\"><div class=\"cz_wpe_content\"><p>Informaci\u00f3n para descargar<\/p>\n<\/div><\/div><\/div><div class=\"cz_gap clr  hide_on_tablet hide_on_mobile\" style=\"height: 80px\"><\/div><div class=\"cz_gap show_on_tablet clr  show_only_tablet\" style=\"height: 60px\"><\/div><div class=\"cz_gap show_on_mobile clr\" style=\"height: 50px\"><\/div><div id=\"cz_22972\" class=\"cz_22972 slick arrows_mlr no_dots\" data-slick='{\"selector\":\"\",\"slidesToShow\":1,\"slidesToScroll\":1,\"rows\":1,\"fade\":false,\"vertical\":false,\"verticalSwiping\":false,\"infinite\":false,\"speed\":1000,\"swipeToSlide\":true,\"centerMode\":false,\"centerPadding\":\"\",\"variableWidth\":false,\"autoplay\":false,\"autoplaySpeed\":4000,\"dots\":true,\"counts\":false,\"adaptiveHeight\":false,\"responsive\":[{\"breakpoint\":769,\"settings\":{\"slidesToShow\":1,\"slidesToScroll\":1,\"touchMove\":true}},{\"breakpoint\":481,\"settings\":{\"slidesToShow\":1,\"slidesToScroll\":1,\"touchMove\":true}}]}' data-slick-prev=\"fa fa-chevron-left\" data-slick-next=\"fa fa-chevron-right\">[vc_row_inner el_class=&#8221;xz&#8221;][vc_column_inner width=&#8221;1\/3&#8243;]<a href=\"https:\/\/www.yehon.com.cn\/wp-content\/uploads\/2025\/03\/1\u4ea7\u54c1\u4ecb\u7ecd\u5ba3\u4f20\u518c\u786e\u5b9a2-10.pdf\" target=\"_blank\"><div id=\"cz_20930\" class=\"cz_20930 services clr style1 services_b left\"><div class=\"service_custom\"><i class=\"fa czico-119-gallery\"><\/i><\/div><div class=\"clr\"><\/div><div class=\"service_text\"><h3>2024.9.24- yihao -- folleto de presentaci\u00f3n del producto (definitivo)(OCR)<\/h3><div class=\"cz_wpe_content\"><\/div><\/div><\/div><\/a>[\/vc_column_inner][vc_column_inner width=&#8221;1\/3&#8243;]<a href=\"https:\/\/www.yehon.com.cn\/wp-content\/uploads\/2025\/03\/1\u4ea7\u54c1\u4ecb\u7ecd\u5ba3\u4f20\u518c\u786e\u5b9a11-20.pdf\" target=\"_blank\"><div id=\"cz_106977\" class=\"cz_106977 services clr style1 services_b left\"><div class=\"service_custom\"><i class=\"fa czico-119-gallery\"><\/i><\/div><div class=\"clr\"><\/div><div class=\"service_text\"><h3>2024.9.24- yihao -- folleto de presentaci\u00f3n del producto (definitivo)(OCR)<\/h3><div class=\"cz_wpe_content\"><\/div><\/div><\/div><\/a>[\/vc_column_inner][vc_column_inner width=&#8221;1\/3&#8243;]<a href=\"https:\/\/www.yehon.com.cn\/wp-content\/uploads\/2025\/03\/1\u4ea7\u54c1\u4ecb\u7ecd\u5ba3\u4f20\u518c\u786e\u5b9a21-30.pdf\" target=\"_blank\"><div id=\"cz_28203\" class=\"cz_28203 services clr style1 services_b left\"><div class=\"service_custom\"><i class=\"fa czico-119-gallery\"><\/i><\/div><div class=\"clr\"><\/div><div class=\"service_text\"><h3>2024.9.24- yihao -- folleto de presentaci\u00f3n del producto (definitivo)(OCR)<\/h3><div class=\"cz_wpe_content\"><\/div><\/div><\/div><\/a>[\/vc_column_inner][\/vc_row_inner]<\/div><div><\/div>[\/vc_column][vc_column offset=&#8221;vc_col-lg-4&#8243; css=&#8221;.vc_custom_1531391399212{padding-right: 20px !important;padding-left: 20px !important;}&#8221;]<div class=\"cz_gap clr \" style=\"height: 130px\"><\/div><div id=\"cz_99410\" class=\"cz_99410 cz_title clr cz_title_pos_inline\"><div class=\"cz_title_content\"><div class=\"cz_wpe_content\"><p>Ask Us<\/p>\n<\/div><\/div><\/div><div class=\"cz_gap clr  hide_on_tablet hide_on_mobile\" style=\"height: 30px\"><\/div><div class=\"cz_gap show_on_tablet clr  show_only_tablet\" style=\"height: 20px\"><\/div><div class=\"cz_gap show_on_mobile clr\" style=\"height: 20px\"><\/div><div id=\"cz_26579\" class=\"cz_26579 cz_cf7 clr\"><div>\n<div class=\"wpcf7 no-js\" id=\"wpcf7-f4905-o1\" lang=\"zh-CN\" dir=\"ltr\">\n<div class=\"screen-reader-response\"><p role=\"status\" aria-live=\"polite\" aria-atomic=\"true\"><\/p> <ul><\/ul><\/div>\n<form action=\"\/index.php\/wp-json\/wp\/v2\/pages\/4500#wpcf7-f4905-o1\" method=\"post\" class=\"wpcf7-form init\" aria-label=\"Contact form\" novalidate=\"novalidate\" data-status=\"init\">\n<div style=\"display: none;\">\n<input type=\"hidden\" name=\"_wpcf7\" value=\"4905\" \/>\n<input type=\"hidden\" name=\"_wpcf7_version\" value=\"5.8.2\" \/>\n<input type=\"hidden\" name=\"_wpcf7_locale\" value=\"zh_CN\" \/>\n<input type=\"hidden\" name=\"_wpcf7_unit_tag\" value=\"wpcf7-f4905-o1\" \/>\n<input type=\"hidden\" name=\"_wpcf7_container_post\" value=\"0\" \/>\n<input type=\"hidden\" name=\"_wpcf7_posted_data_hash\" value=\"\" \/>\n<\/div>\n<p><span class=\"wpcf7-form-control-wrap\" data-name=\"your-name\"><input size=\"40\" class=\"wpcf7-form-control wpcf7-text wpcf7-validates-as-required\" aria-required=\"true\" aria-invalid=\"false\" placeholder=\"Los nombres (*)\" value=\"\" type=\"text\" name=\"your-name\" \/><\/span>\n<\/p>\n<p><span class=\"wpcf7-form-control-wrap\" data-name=\"your-email\"><input size=\"40\" class=\"wpcf7-form-control wpcf7-email wpcf7-validates-as-required wpcf7-text wpcf7-validates-as-email\" aria-required=\"true\" aria-invalid=\"false\" placeholder=\"Direcci\u00f3n (*)\" value=\"\" type=\"email\" name=\"your-email\" \/><\/span>\n<\/p>\n<p><span class=\"wpcf7-form-control-wrap\" data-name=\"your-message\"><textarea cols=\"40\" rows=\"10\" class=\"wpcf7-form-control wpcf7-textarea\" aria-invalid=\"false\" placeholder=\"Comentarios.\" name=\"your-message\"><\/textarea><\/span>\n<\/p>\n<p><input class=\"wpcf7-form-control wpcf7-submit has-spinner\" type=\"submit\" value=\"Enviar un mensaje\" \/>\n<\/p><div class=\"wpcf7-response-output\" aria-hidden=\"true\"><\/div>\n<\/form>\n<\/div>\n<\/div><\/div>[\/vc_column][\/vc_row]<\/p>\n","protected":false},"excerpt":{"rendered":"<p>[vc_row css=&#8221;. &#8230; <\/p>\n","protected":false},"author":1,"featured_media":0,"parent":0,"menu_order":0,"comment_status":"closed","ping_status":"closed","template":"","meta":{"footnotes":""},"class_list":["post-4500","page","type-page","status-publish","hentry"],"lang":"es","translations":{"es":4500,"en":3655,"zh":14},"pll_sync_post":[],"_links":{"self":[{"href":"https:\/\/www.yehon.com.cn\/index.php\/wp-json\/wp\/v2\/pages\/4500","targetHints":{"allow":["GET"]}}],"collection":[{"href":"https:\/\/www.yehon.com.cn\/index.php\/wp-json\/wp\/v2\/pages"}],"about":[{"href":"https:\/\/www.yehon.com.cn\/index.php\/wp-json\/wp\/v2\/types\/page"}],"author":[{"embeddable":true,"href":"https:\/\/www.yehon.com.cn\/index.php\/wp-json\/wp\/v2\/users\/1"}],"replies":[{"embeddable":true,"href":"https:\/\/www.yehon.com.cn\/index.php\/wp-json\/wp\/v2\/comments?post=4500"}],"version-history":[{"count":6,"href":"https:\/\/www.yehon.com.cn\/index.php\/wp-json\/wp\/v2\/pages\/4500\/revisions"}],"predecessor-version":[{"id":4920,"href":"https:\/\/www.yehon.com.cn\/index.php\/wp-json\/wp\/v2\/pages\/4500\/revisions\/4920"}],"wp:attachment":[{"href":"https:\/\/www.yehon.com.cn\/index.php\/wp-json\/wp\/v2\/media?parent=4500"}],"curies":[{"name":"wp","href":"https:\/\/api.w.org\/{rel}","templated":true}]}}